{"id":12977,"date":"2019-10-18T11:37:30","date_gmt":"2019-10-18T08:37:30","guid":{"rendered":"https:\/\/vinotecahugo.ro\/produs\/cuvee-racoveanu\/"},"modified":"2026-03-12T10:24:44","modified_gmt":"2026-03-12T08:24:44","slug":"cuvee-racoveanu","status":"publish","type":"product","link":"https:\/\/vinotecahugo.ro\/en\/produs\/cuvee-racoveanu\/","title":{"rendered":"Corcova CUVEE RACOVEANU 2013"},"content":{"rendered":"<div class=\"video-shortcode\"><iframe title=\"Film de prezentare Corcova\" width=\"1100\" height=\"619\" src=\"https:\/\/www.youtube.com\/embed\/AmZMzgrC4zQ?feature=oembed\" frameborder=\"0\" allow=\"accelerometer; autoplay; encrypted-media; gyroscope; picture-in-picture\" allowfullscreen><\/iframe><\/div>\n<p><strong>Corcova CUVEE RACOVEANU 2013<\/strong><\/p>\n<p>Podgoria isi premiaza pasionatii de vinuri cu o productie insemnata, acest Cuvee fiind rezultatul unui cuplaj reusit a doua soiuri de struguri apreciati pe meleagurile noastre, Cabernet Sauvignon (55%) si Merlot (45%). Prezinta o culoare rosu dominant, secondata de reflexele violacee, iar olfactiv se resimt pe deplin aromele puternic integrate de fructe negre, dar si afine mature.<\/p>\n<p>Corcova CUVEE RACOVEANU 2013 este un vin voinic, cu o structura densa, care prezinta taninuri ce evolueaza pe masura ce vinul invecheste, oferind armonia perfecta a notelor pentru degustare. A fost maturat in butoaie de stejar francez vreme de 12 luni si supus proceselor de prelucrare moderne, pentru a dobandi un caracter autentic.<\/p>\n<p>Bun pentru a fi consumat la o temperatura de 16-18 grade celsius in compania preparatelor de carne rosie, vanat mic, branzeturi, dar si mancaruri specifice bucatariilor asiatice, precum si a celor cu un profil usor aromatic pentru a obtine o savoare specifica.<\/p>\n<div class=\"lbDescription\">\n<p>Mai multe informatii despre acest producator gasiti <a href=\"https:\/\/www.corcova.ro\/\" target=\"_blank\" rel=\"noopener\">AICI<\/a> .<\/p>\n<\/div>\n<p>Pentru programul de degustari si oferte personalizate te invitam sa devii membrul clubului Vinoteca Hugo. Pentru mai multe informatii fa click <a href=\"https:\/\/vinotecahugo.ro\/evenimente\/\">AICI.<\/a><\/p>\n","protected":false},"excerpt":{"rendered":"<p><strong>Corcova CUVEE RACOVEANU 2013<\/strong><\/p>\n<div class=\"vivino-widget vivino-wine-card-widget\" data-vivino-widget-type=\"wine\" data-vivino-vintage-id=\"147094872\" data-vivino-user-id=\"8551400\" data-vivino-widget-language=\"en\" data-vivino-widget-layout=\"small\"><a href=\"https:\/\/www.vivino.com\/corcova-cuvee-racoveanu-reserve\/w\/4898233?year=U.V.\" target=\"_blank\" rel=\"noopener noreferrer\">Corcova Cuv\u00e9e Racoveanu Reserve on Vivino<\/a><\/div>\n<p>Cupaj rosu din soiurile Cabernet Sauvignon 55% si Merlot 45%, maturat 12 luni in lemn de stejar. Un vin bine structurat, corpolent, cu taninuri ce evolueaz\u0103 \u00een timpul \u00eenvechirii, conferindu-i echilibru. Culoare ro\u0219u intens cu tente puternic violacee. Arome puternice, de fructe negre, preponderent de afine bine coapte. Se asociaz\u0103 cu c\u0103rnuri ro\u0219ii, v\u00e2nat, br\u00e2nzeturi, m\u00e2nc\u0103ruri condimentate.<\/p>\n","protected":false},"featured_media":14968,"comment_status":"open","ping_status":"closed","template":"","meta":[],"product_brand":[],"product_cat":[887,888,145],"product_tag":[492,332,493,433,346],"class_list":{"0":"post-12977","1":"product","2":"type-product","3":"status-publish","4":"has-post-thumbnail","6":"product_cat-vin-rosu","7":"product_cat-vin-rosu-sec","8":"product_cat-vinuri-romanesti","9":"product_tag-cabernet","10":"product_tag-corcova","11":"product_tag-cuvee-racoveanu","12":"product_tag-merlot","13":"product_tag-vin-rosu","15":"first","16":"instock","17":"sale","18":"taxable","19":"shipping-taxable","20":"purchasable","21":"product-type-simple"},"yoast_head":"<!-- This site is optimized with the Yoast SEO plugin v24.6 - https:\/\/yoast.com\/wordpress\/plugins\/seo\/ -->\n<title>Corcova CUVEE RACOVEANU 2013 - Vinoteca Hugo<\/title>\n<meta name=\"description\" content=\"Comand\u0103 online Corcova CUVEE RACOVEANU 2013 de la Vinoteca Hugo! Vinuri de top pentru momente speciale.\" \/>\n<meta name=\"robots\" content=\"index, follow, max-snippet:-1, max-image-preview:large, max-video-preview:-1\" \/>\n<link rel=\"canonical\" href=\"https:\/\/vinotecahugo.ro\/en\/produs\/cuvee-racoveanu\/\" \/>\n<meta property=\"og:locale\" content=\"en_US\" \/>\n<meta property=\"og:type\" content=\"article\" \/>\n<meta property=\"og:title\" content=\"Corcova CUVEE RACOVEANU 2013 - Vinoteca Hugo\" \/>\n<meta property=\"og:description\" content=\"Comand\u0103 online Corcova CUVEE RACOVEANU 2013 de la Vinoteca Hugo! Vinuri de top pentru momente speciale.\" \/>\n<meta property=\"og:url\" content=\"https:\/\/vinotecahugo.ro\/en\/produs\/cuvee-racoveanu\/\" \/>\n<meta property=\"og:site_name\" content=\"Vinoteca Hugo\" \/>\n<meta property=\"article:publisher\" content=\"https:\/\/www.facebook.com\/VinotecaHugoAlbaIulia\" \/>\n<meta property=\"article:modified_time\" content=\"2026-03-12T08:24:44+00:00\" \/>\n<meta property=\"og:image\" content=\"https:\/\/vinotecahugo.ro\/wp-content\/uploads\/2019\/10\/Corcova-Cuvee-Racoveanu.jpg\" \/>\n\t<meta property=\"og:image:width\" content=\"600\" \/>\n\t<meta property=\"og:image:height\" content=\"600\" \/>\n\t<meta property=\"og:image:type\" content=\"image\/jpeg\" \/>\n<meta name=\"twitter:card\" content=\"summary_large_image\" \/>\n<meta name=\"twitter:label1\" content=\"Est. reading time\" \/>\n\t<meta name=\"twitter:data1\" content=\"1 minute\" \/>\n<script type=\"application\/ld+json\" class=\"yoast-schema-graph\">{\"@context\":\"https:\/\/schema.org\",\"@graph\":[{\"@type\":\"WebPage\",\"@id\":\"https:\/\/vinotecahugo.ro\/en\/produs\/cuvee-racoveanu\/\",\"url\":\"https:\/\/vinotecahugo.ro\/en\/produs\/cuvee-racoveanu\/\",\"name\":\"Corcova CUVEE RACOVEANU 2013 - Vinoteca Hugo\",\"isPartOf\":{\"@id\":\"https:\/\/vinotecahugo.ro\/en\/#website\"},\"primaryImageOfPage\":{\"@id\":\"https:\/\/vinotecahugo.ro\/en\/produs\/cuvee-racoveanu\/#primaryimage\"},\"image\":{\"@id\":\"https:\/\/vinotecahugo.ro\/en\/produs\/cuvee-racoveanu\/#primaryimage\"},\"thumbnailUrl\":\"https:\/\/vinotecahugo.ro\/wp-content\/uploads\/2019\/10\/Corcova-Cuvee-Racoveanu.jpg\",\"datePublished\":\"2019-10-18T08:37:30+00:00\",\"dateModified\":\"2026-03-12T08:24:44+00:00\",\"description\":\"Comand\u0103 online Corcova CUVEE RACOVEANU 2013 de la Vinoteca Hugo! Vinuri de top pentru momente speciale.\",\"breadcrumb\":{\"@id\":\"https:\/\/vinotecahugo.ro\/en\/produs\/cuvee-racoveanu\/#breadcrumb\"},\"inLanguage\":\"en-US\",\"potentialAction\":[{\"@type\":\"ReadAction\",\"target\":[\"https:\/\/vinotecahugo.ro\/en\/produs\/cuvee-racoveanu\/\"]}]},{\"@type\":\"ImageObject\",\"inLanguage\":\"en-US\",\"@id\":\"https:\/\/vinotecahugo.ro\/en\/produs\/cuvee-racoveanu\/#primaryimage\",\"url\":\"https:\/\/vinotecahugo.ro\/wp-content\/uploads\/2019\/10\/Corcova-Cuvee-Racoveanu.jpg\",\"contentUrl\":\"https:\/\/vinotecahugo.ro\/wp-content\/uploads\/2019\/10\/Corcova-Cuvee-Racoveanu.jpg\",\"width\":600,\"height\":600},{\"@type\":\"BreadcrumbList\",\"@id\":\"https:\/\/vinotecahugo.ro\/en\/produs\/cuvee-racoveanu\/#breadcrumb\",\"itemListElement\":[{\"@type\":\"ListItem\",\"position\":1,\"name\":\"Prima pagin\u0103\",\"item\":\"https:\/\/vinotecahugo.ro\/en\/\"},{\"@type\":\"ListItem\",\"position\":2,\"name\":\"Magazin\",\"item\":\"https:\/\/vinotecahugo.ro\/magazin\/\"},{\"@type\":\"ListItem\",\"position\":3,\"name\":\"Corcova CUVEE RACOVEANU 2013\"}]},{\"@type\":\"WebSite\",\"@id\":\"https:\/\/vinotecahugo.ro\/en\/#website\",\"url\":\"https:\/\/vinotecahugo.ro\/en\/\",\"name\":\"Vinoteca Hugo\",\"description\":\"vinotec\u0103 cu o colec\u021bie de peste 5000 de sticle de vin\",\"publisher\":{\"@id\":\"https:\/\/vinotecahugo.ro\/en\/#organization\"},\"potentialAction\":[{\"@type\":\"SearchAction\",\"target\":{\"@type\":\"EntryPoint\",\"urlTemplate\":\"https:\/\/vinotecahugo.ro\/en\/?s={search_term_string}\"},\"query-input\":{\"@type\":\"PropertyValueSpecification\",\"valueRequired\":true,\"valueName\":\"search_term_string\"}}],\"inLanguage\":\"en-US\"},{\"@type\":\"Organization\",\"@id\":\"https:\/\/vinotecahugo.ro\/en\/#organization\",\"name\":\"Vinoteca Hugo\",\"url\":\"https:\/\/vinotecahugo.ro\/en\/\",\"logo\":{\"@type\":\"ImageObject\",\"inLanguage\":\"en-US\",\"@id\":\"https:\/\/vinotecahugo.ro\/en\/#\/schema\/logo\/image\/\",\"url\":\"https:\/\/vinotecahugo.ro\/wp-content\/uploads\/2020\/04\/logo-vinoteca-hugo-160-120..jpg\",\"contentUrl\":\"https:\/\/vinotecahugo.ro\/wp-content\/uploads\/2020\/04\/logo-vinoteca-hugo-160-120..jpg\",\"width\":160,\"height\":120,\"caption\":\"Vinoteca Hugo\"},\"image\":{\"@id\":\"https:\/\/vinotecahugo.ro\/en\/#\/schema\/logo\/image\/\"},\"sameAs\":[\"https:\/\/www.facebook.com\/VinotecaHugoAlbaIulia\",\"https:\/\/www.instagram.com\/vinoteca_hugo\/\",\"https:\/\/www.youtube.com\/channel\/UCpprt6bjcY4i-6P9WM-466g\"]}]}<\/script>\n<!-- \/ Yoast SEO plugin. -->","yoast_head_json":{"title":"Corcova CUVEE RACOVEANU 2013 - Vinoteca Hugo","description":"Comand\u0103 online Corcova CUVEE RACOVEANU 2013 de la Vinoteca Hugo! Vinuri de top pentru momente speciale.","robots":{"index":"index","follow":"follow","max-snippet":"max-snippet:-1","max-image-preview":"max-image-preview:large","max-video-preview":"max-video-preview:-1"},"canonical":"https:\/\/vinotecahugo.ro\/en\/produs\/cuvee-racoveanu\/","og_locale":"en_US","og_type":"article","og_title":"Corcova CUVEE RACOVEANU 2013 - Vinoteca Hugo","og_description":"Comand\u0103 online Corcova CUVEE RACOVEANU 2013 de la Vinoteca Hugo! Vinuri de top pentru momente speciale.","og_url":"https:\/\/vinotecahugo.ro\/en\/produs\/cuvee-racoveanu\/","og_site_name":"Vinoteca Hugo","article_publisher":"https:\/\/www.facebook.com\/VinotecaHugoAlbaIulia","article_modified_time":"2026-03-12T08:24:44+00:00","og_image":[{"width":600,"height":600,"url":"https:\/\/vinotecahugo.ro\/wp-content\/uploads\/2019\/10\/Corcova-Cuvee-Racoveanu.jpg","type":"image\/jpeg"}],"twitter_card":"summary_large_image","twitter_misc":{"Est. reading time":"1 minute"},"schema":{"@context":"https:\/\/schema.org","@graph":[{"@type":"WebPage","@id":"https:\/\/vinotecahugo.ro\/en\/produs\/cuvee-racoveanu\/","url":"https:\/\/vinotecahugo.ro\/en\/produs\/cuvee-racoveanu\/","name":"Corcova CUVEE RACOVEANU 2013 - Vinoteca Hugo","isPartOf":{"@id":"https:\/\/vinotecahugo.ro\/en\/#website"},"primaryImageOfPage":{"@id":"https:\/\/vinotecahugo.ro\/en\/produs\/cuvee-racoveanu\/#primaryimage"},"image":{"@id":"https:\/\/vinotecahugo.ro\/en\/produs\/cuvee-racoveanu\/#primaryimage"},"thumbnailUrl":"https:\/\/vinotecahugo.ro\/wp-content\/uploads\/2019\/10\/Corcova-Cuvee-Racoveanu.jpg","datePublished":"2019-10-18T08:37:30+00:00","dateModified":"2026-03-12T08:24:44+00:00","description":"Comand\u0103 online Corcova CUVEE RACOVEANU 2013 de la Vinoteca Hugo! Vinuri de top pentru momente speciale.","breadcrumb":{"@id":"https:\/\/vinotecahugo.ro\/en\/produs\/cuvee-racoveanu\/#breadcrumb"},"inLanguage":"en-US","potentialAction":[{"@type":"ReadAction","target":["https:\/\/vinotecahugo.ro\/en\/produs\/cuvee-racoveanu\/"]}]},{"@type":"ImageObject","inLanguage":"en-US","@id":"https:\/\/vinotecahugo.ro\/en\/produs\/cuvee-racoveanu\/#primaryimage","url":"https:\/\/vinotecahugo.ro\/wp-content\/uploads\/2019\/10\/Corcova-Cuvee-Racoveanu.jpg","contentUrl":"https:\/\/vinotecahugo.ro\/wp-content\/uploads\/2019\/10\/Corcova-Cuvee-Racoveanu.jpg","width":600,"height":600},{"@type":"BreadcrumbList","@id":"https:\/\/vinotecahugo.ro\/en\/produs\/cuvee-racoveanu\/#breadcrumb","itemListElement":[{"@type":"ListItem","position":1,"name":"Prima pagin\u0103","item":"https:\/\/vinotecahugo.ro\/en\/"},{"@type":"ListItem","position":2,"name":"Magazin","item":"https:\/\/vinotecahugo.ro\/magazin\/"},{"@type":"ListItem","position":3,"name":"Corcova CUVEE RACOVEANU 2013"}]},{"@type":"WebSite","@id":"https:\/\/vinotecahugo.ro\/en\/#website","url":"https:\/\/vinotecahugo.ro\/en\/","name":"Vinoteca Hugo","description":"vinotec\u0103 cu o colec\u021bie de peste 5000 de sticle de vin","publisher":{"@id":"https:\/\/vinotecahugo.ro\/en\/#organization"},"potentialAction":[{"@type":"SearchAction","target":{"@type":"EntryPoint","urlTemplate":"https:\/\/vinotecahugo.ro\/en\/?s={search_term_string}"},"query-input":{"@type":"PropertyValueSpecification","valueRequired":true,"valueName":"search_term_string"}}],"inLanguage":"en-US"},{"@type":"Organization","@id":"https:\/\/vinotecahugo.ro\/en\/#organization","name":"Vinoteca Hugo","url":"https:\/\/vinotecahugo.ro\/en\/","logo":{"@type":"ImageObject","inLanguage":"en-US","@id":"https:\/\/vinotecahugo.ro\/en\/#\/schema\/logo\/image\/","url":"https:\/\/vinotecahugo.ro\/wp-content\/uploads\/2020\/04\/logo-vinoteca-hugo-160-120..jpg","contentUrl":"https:\/\/vinotecahugo.ro\/wp-content\/uploads\/2020\/04\/logo-vinoteca-hugo-160-120..jpg","width":160,"height":120,"caption":"Vinoteca Hugo"},"image":{"@id":"https:\/\/vinotecahugo.ro\/en\/#\/schema\/logo\/image\/"},"sameAs":["https:\/\/www.facebook.com\/VinotecaHugoAlbaIulia","https:\/\/www.instagram.com\/vinoteca_hugo\/","https:\/\/www.youtube.com\/channel\/UCpprt6bjcY4i-6P9WM-466g"]}]}},"_links":{"self":[{"href":"https:\/\/vinotecahugo.ro\/en\/wp-json\/wp\/v2\/product\/12977","targetHints":{"allow":["GET"]}}],"collection":[{"href":"https:\/\/vinotecahugo.ro\/en\/wp-json\/wp\/v2\/product"}],"about":[{"href":"https:\/\/vinotecahugo.ro\/en\/wp-json\/wp\/v2\/types\/product"}],"replies":[{"embeddable":true,"href":"https:\/\/vinotecahugo.ro\/en\/wp-json\/wp\/v2\/comments?post=12977"}],"wp:featuredmedia":[{"embeddable":true,"href":"https:\/\/vinotecahugo.ro\/en\/wp-json\/wp\/v2\/media\/14968"}],"wp:attachment":[{"href":"https:\/\/vinotecahugo.ro\/en\/wp-json\/wp\/v2\/media?parent=12977"}],"wp:term":[{"taxonomy":"product_brand","embeddable":true,"href":"https:\/\/vinotecahugo.ro\/en\/wp-json\/wp\/v2\/product_brand?post=12977"},{"taxonomy":"product_cat","embeddable":true,"href":"https:\/\/vinotecahugo.ro\/en\/wp-json\/wp\/v2\/product_cat?post=12977"},{"taxonomy":"product_tag","embeddable":true,"href":"https:\/\/vinotecahugo.ro\/en\/wp-json\/wp\/v2\/product_tag?post=12977"}],"curies":[{"name":"wp","href":"https:\/\/api.w.org\/{rel}","templated":true}]}}