{"id":12976,"date":"2019-10-18T11:37:29","date_gmt":"2019-10-18T08:37:29","guid":{"rendered":"https:\/\/vinotecahugo.ro\/produs\/cuvee-boheme\/"},"modified":"2025-09-18T18:18:20","modified_gmt":"2025-09-18T15:18:20","slug":"cuvee-boheme","status":"publish","type":"product","link":"https:\/\/vinotecahugo.ro\/en\/produs\/cuvee-boheme\/","title":{"rendered":"Corcova CUVEE BOHEME 2013"},"content":{"rendered":"<div class=\"video-shortcode\"><iframe title=\"Film de prezentare Corcova\" width=\"1100\" height=\"619\" src=\"https:\/\/www.youtube.com\/embed\/AmZMzgrC4zQ?feature=oembed\" frameborder=\"0\" allow=\"accelerometer; autoplay; encrypted-media; gyroscope; picture-in-picture\" allowfullscreen><\/iframe><\/div>\n<p><strong>Corcova CUVEE BOHEME 2013<\/strong><\/p>\n<p>Cupaj de Cabernet Sauvignon si Merlot.\u00a0Culoare deep ruby, spre granat, \u201ecuisoare\u201d, lemn dulce, fructe negre, bacon \u2013 destul de complex. In gust prima loveste partea leguminoasa a Cabernetului, dupa care lucrurile se aseaza dupa chipul si asemanarea mirosului, ba chiar prelungesc orchestra cu niste ciocolata neagra. Tactil e placut, catifelat, desi taninurile mai puncteaza cate un upercut sub buza superioara. Nu e acel stil francez, bine definit in Syrah sau Pinot Noir, e mai aproape de stilul Dealu Mare, carnos, ce te duce cu gandul la solul fertil si chiar la o idee de Feteasca neagra.<\/p>\n<p>Vinurile Corcova Roy &amp; D\u00e2mboviceanu sunt speciale \u0219i au acel \u201egout du terroir\u201d, pentru c\u0103 aici se \u00eentrunesc toate elementele necesare: un climat temperat-continental cu influen\u021be mediteraneene \u2013 veri calde \u0219i secetoase, ierni bl\u00e2nde, cu precipita\u021bii accentuate; solurile cu o structur\u0103 litologic\u0103 variat\u0103 \u0219i o mineralitate bogat\u0103, specifice Piemontului Motrului, parte a celei mai mari unit\u0103\u021bi piemontane din \u021bar\u0103, Piemontul Getic; vi\u021ba de vie nobil\u0103 cu soiurile potrivite, furnizat\u0103 de Pepinieres Hebinger \u0219i munca atent\u0103 \u0219i responsabil\u0103 a echipei Corcova Roy &amp; D\u00e2mboviceanu. Merit\u0103 s\u0103 fie decantat timp de jum\u0103tate de or\u0103.<\/p>\n<p>&nbsp;<\/p>\n","protected":false},"excerpt":{"rendered":"<p><strong>Corcova CUVEE BOHEME 2013<\/strong><\/p>\n<div>Cuvee Boheme este\u00a0 un vin ro\u0219u catifelat, corpolent \u0219i rotund (maturat circa 1 an \u00een barrique din lemn rom\u00e2nesc \u0219i fran\u021buzesc), cu arome intense, de fructe negre de p\u0103dure coapte \u0219i rascoapte, vanilie, cedru \u0219i cacao. Suculent, plin \u0219i corpolent, cu tanini rotunzi \u0219i echilibrati, si de o senzatie final\u0103 prelung\u0103, dulceaga si fructata. Cuvee Boheme are un gust desavarsit in combiatie cu carne ro\u0219ie la gratar sau cuptor condimentata cu ierburi, tortellini cu carne (porc, vit\u0103 \u0219i chiar vanat mic), lasagna bogat\u0103 \u00een carne, branzeturi moi innobilate cu mucegai.<\/div>\n<div>De consumat la temperatura de 16-18\u00b0C \u00een pahare mari de vin tip Bordeaux, cu picior. Se recomanda aerarea \u00een decantor larg, cu circa 20-30 minute \u00eenainte de servire.<\/div>\n","protected":false},"featured_media":14965,"comment_status":"open","ping_status":"closed","template":"","meta":[],"product_brand":[],"product_cat":[887,888,145],"product_tag":[332,485,484,486,487],"class_list":{"0":"post-12976","1":"product","2":"type-product","3":"status-publish","4":"has-post-thumbnail","6":"product_cat-vin-rosu","7":"product_cat-vin-rosu-sec","8":"product_cat-vinuri-romanesti","9":"product_tag-corcova","10":"product_tag-cuvee-boheme-2013","11":"product_tag-cuvee-boheme-corcova","12":"product_tag-vin-rosu-mehedinti","13":"product_tag-vin-rosu-oltenia","15":"first","16":"instock","17":"taxable","18":"shipping-taxable","19":"purchasable","20":"product-type-simple"},"yoast_head":"<!-- This site is optimized with the Yoast SEO plugin v24.6 - https:\/\/yoast.com\/wordpress\/plugins\/seo\/ -->\n<title>Corcova CUVEE BOHEME 2013 - Vinoteca Hugo<\/title>\n<meta name=\"description\" content=\"Comand\u0103 online Corcova CUVEE BOHEME 2013 de la Vinoteca Hugo! Vinuri de top pentru momente speciale.\" \/>\n<meta name=\"robots\" content=\"index, follow, max-snippet:-1, max-image-preview:large, max-video-preview:-1\" \/>\n<link rel=\"canonical\" href=\"https:\/\/vinotecahugo.ro\/en\/produs\/cuvee-boheme\/\" \/>\n<meta property=\"og:locale\" content=\"en_US\" \/>\n<meta property=\"og:type\" content=\"article\" \/>\n<meta property=\"og:title\" content=\"Corcova CUVEE BOHEME 2013 - Vinoteca Hugo\" \/>\n<meta property=\"og:description\" content=\"Comand\u0103 online Corcova CUVEE BOHEME 2013 de la Vinoteca Hugo! Vinuri de top pentru momente speciale.\" \/>\n<meta property=\"og:url\" content=\"https:\/\/vinotecahugo.ro\/en\/produs\/cuvee-boheme\/\" \/>\n<meta property=\"og:site_name\" content=\"Vinoteca Hugo\" \/>\n<meta property=\"article:publisher\" content=\"https:\/\/www.facebook.com\/VinotecaHugoAlbaIulia\" \/>\n<meta property=\"article:modified_time\" content=\"2025-09-18T15:18:20+00:00\" \/>\n<meta property=\"og:image\" content=\"https:\/\/vinotecahugo.ro\/wp-content\/uploads\/2019\/10\/corcova-cuvee-boheme.jpg\" \/>\n\t<meta property=\"og:image:width\" content=\"600\" \/>\n\t<meta property=\"og:image:height\" content=\"600\" \/>\n\t<meta property=\"og:image:type\" content=\"image\/jpeg\" \/>\n<meta name=\"twitter:card\" content=\"summary_large_image\" \/>\n<meta name=\"twitter:label1\" content=\"Est. reading time\" \/>\n\t<meta name=\"twitter:data1\" content=\"1 minute\" \/>\n<script type=\"application\/ld+json\" class=\"yoast-schema-graph\">{\"@context\":\"https:\/\/schema.org\",\"@graph\":[{\"@type\":\"WebPage\",\"@id\":\"https:\/\/vinotecahugo.ro\/en\/produs\/cuvee-boheme\/\",\"url\":\"https:\/\/vinotecahugo.ro\/en\/produs\/cuvee-boheme\/\",\"name\":\"Corcova CUVEE BOHEME 2013 - Vinoteca Hugo\",\"isPartOf\":{\"@id\":\"https:\/\/vinotecahugo.ro\/en\/#website\"},\"primaryImageOfPage\":{\"@id\":\"https:\/\/vinotecahugo.ro\/en\/produs\/cuvee-boheme\/#primaryimage\"},\"image\":{\"@id\":\"https:\/\/vinotecahugo.ro\/en\/produs\/cuvee-boheme\/#primaryimage\"},\"thumbnailUrl\":\"https:\/\/vinotecahugo.ro\/wp-content\/uploads\/2019\/10\/corcova-cuvee-boheme.jpg\",\"datePublished\":\"2019-10-18T08:37:29+00:00\",\"dateModified\":\"2025-09-18T15:18:20+00:00\",\"description\":\"Comand\u0103 online Corcova CUVEE BOHEME 2013 de la Vinoteca Hugo! Vinuri de top pentru momente speciale.\",\"breadcrumb\":{\"@id\":\"https:\/\/vinotecahugo.ro\/en\/produs\/cuvee-boheme\/#breadcrumb\"},\"inLanguage\":\"en-US\",\"potentialAction\":[{\"@type\":\"ReadAction\",\"target\":[\"https:\/\/vinotecahugo.ro\/en\/produs\/cuvee-boheme\/\"]}]},{\"@type\":\"ImageObject\",\"inLanguage\":\"en-US\",\"@id\":\"https:\/\/vinotecahugo.ro\/en\/produs\/cuvee-boheme\/#primaryimage\",\"url\":\"https:\/\/vinotecahugo.ro\/wp-content\/uploads\/2019\/10\/corcova-cuvee-boheme.jpg\",\"contentUrl\":\"https:\/\/vinotecahugo.ro\/wp-content\/uploads\/2019\/10\/corcova-cuvee-boheme.jpg\",\"width\":600,\"height\":600},{\"@type\":\"BreadcrumbList\",\"@id\":\"https:\/\/vinotecahugo.ro\/en\/produs\/cuvee-boheme\/#breadcrumb\",\"itemListElement\":[{\"@type\":\"ListItem\",\"position\":1,\"name\":\"Prima pagin\u0103\",\"item\":\"https:\/\/vinotecahugo.ro\/en\/\"},{\"@type\":\"ListItem\",\"position\":2,\"name\":\"Magazin\",\"item\":\"https:\/\/vinotecahugo.ro\/magazin\/\"},{\"@type\":\"ListItem\",\"position\":3,\"name\":\"Corcova CUVEE BOHEME 2013\"}]},{\"@type\":\"WebSite\",\"@id\":\"https:\/\/vinotecahugo.ro\/en\/#website\",\"url\":\"https:\/\/vinotecahugo.ro\/en\/\",\"name\":\"Vinoteca Hugo\",\"description\":\"vinotec\u0103 cu o colec\u021bie de peste 5000 de sticle de vin\",\"publisher\":{\"@id\":\"https:\/\/vinotecahugo.ro\/en\/#organization\"},\"potentialAction\":[{\"@type\":\"SearchAction\",\"target\":{\"@type\":\"EntryPoint\",\"urlTemplate\":\"https:\/\/vinotecahugo.ro\/en\/?s={search_term_string}\"},\"query-input\":{\"@type\":\"PropertyValueSpecification\",\"valueRequired\":true,\"valueName\":\"search_term_string\"}}],\"inLanguage\":\"en-US\"},{\"@type\":\"Organization\",\"@id\":\"https:\/\/vinotecahugo.ro\/en\/#organization\",\"name\":\"Vinoteca Hugo\",\"url\":\"https:\/\/vinotecahugo.ro\/en\/\",\"logo\":{\"@type\":\"ImageObject\",\"inLanguage\":\"en-US\",\"@id\":\"https:\/\/vinotecahugo.ro\/en\/#\/schema\/logo\/image\/\",\"url\":\"https:\/\/vinotecahugo.ro\/wp-content\/uploads\/2020\/04\/logo-vinoteca-hugo-160-120..jpg\",\"contentUrl\":\"https:\/\/vinotecahugo.ro\/wp-content\/uploads\/2020\/04\/logo-vinoteca-hugo-160-120..jpg\",\"width\":160,\"height\":120,\"caption\":\"Vinoteca Hugo\"},\"image\":{\"@id\":\"https:\/\/vinotecahugo.ro\/en\/#\/schema\/logo\/image\/\"},\"sameAs\":[\"https:\/\/www.facebook.com\/VinotecaHugoAlbaIulia\",\"https:\/\/www.instagram.com\/vinoteca_hugo\/\",\"https:\/\/www.youtube.com\/channel\/UCpprt6bjcY4i-6P9WM-466g\"]}]}<\/script>\n<!-- \/ Yoast SEO plugin. -->","yoast_head_json":{"title":"Corcova CUVEE BOHEME 2013 - Vinoteca Hugo","description":"Comand\u0103 online Corcova CUVEE BOHEME 2013 de la Vinoteca Hugo! Vinuri de top pentru momente speciale.","robots":{"index":"index","follow":"follow","max-snippet":"max-snippet:-1","max-image-preview":"max-image-preview:large","max-video-preview":"max-video-preview:-1"},"canonical":"https:\/\/vinotecahugo.ro\/en\/produs\/cuvee-boheme\/","og_locale":"en_US","og_type":"article","og_title":"Corcova CUVEE BOHEME 2013 - Vinoteca Hugo","og_description":"Comand\u0103 online Corcova CUVEE BOHEME 2013 de la Vinoteca Hugo! Vinuri de top pentru momente speciale.","og_url":"https:\/\/vinotecahugo.ro\/en\/produs\/cuvee-boheme\/","og_site_name":"Vinoteca Hugo","article_publisher":"https:\/\/www.facebook.com\/VinotecaHugoAlbaIulia","article_modified_time":"2025-09-18T15:18:20+00:00","og_image":[{"width":600,"height":600,"url":"https:\/\/vinotecahugo.ro\/wp-content\/uploads\/2019\/10\/corcova-cuvee-boheme.jpg","type":"image\/jpeg"}],"twitter_card":"summary_large_image","twitter_misc":{"Est. reading time":"1 minute"},"schema":{"@context":"https:\/\/schema.org","@graph":[{"@type":"WebPage","@id":"https:\/\/vinotecahugo.ro\/en\/produs\/cuvee-boheme\/","url":"https:\/\/vinotecahugo.ro\/en\/produs\/cuvee-boheme\/","name":"Corcova CUVEE BOHEME 2013 - Vinoteca Hugo","isPartOf":{"@id":"https:\/\/vinotecahugo.ro\/en\/#website"},"primaryImageOfPage":{"@id":"https:\/\/vinotecahugo.ro\/en\/produs\/cuvee-boheme\/#primaryimage"},"image":{"@id":"https:\/\/vinotecahugo.ro\/en\/produs\/cuvee-boheme\/#primaryimage"},"thumbnailUrl":"https:\/\/vinotecahugo.ro\/wp-content\/uploads\/2019\/10\/corcova-cuvee-boheme.jpg","datePublished":"2019-10-18T08:37:29+00:00","dateModified":"2025-09-18T15:18:20+00:00","description":"Comand\u0103 online Corcova CUVEE BOHEME 2013 de la Vinoteca Hugo! Vinuri de top pentru momente speciale.","breadcrumb":{"@id":"https:\/\/vinotecahugo.ro\/en\/produs\/cuvee-boheme\/#breadcrumb"},"inLanguage":"en-US","potentialAction":[{"@type":"ReadAction","target":["https:\/\/vinotecahugo.ro\/en\/produs\/cuvee-boheme\/"]}]},{"@type":"ImageObject","inLanguage":"en-US","@id":"https:\/\/vinotecahugo.ro\/en\/produs\/cuvee-boheme\/#primaryimage","url":"https:\/\/vinotecahugo.ro\/wp-content\/uploads\/2019\/10\/corcova-cuvee-boheme.jpg","contentUrl":"https:\/\/vinotecahugo.ro\/wp-content\/uploads\/2019\/10\/corcova-cuvee-boheme.jpg","width":600,"height":600},{"@type":"BreadcrumbList","@id":"https:\/\/vinotecahugo.ro\/en\/produs\/cuvee-boheme\/#breadcrumb","itemListElement":[{"@type":"ListItem","position":1,"name":"Prima pagin\u0103","item":"https:\/\/vinotecahugo.ro\/en\/"},{"@type":"ListItem","position":2,"name":"Magazin","item":"https:\/\/vinotecahugo.ro\/magazin\/"},{"@type":"ListItem","position":3,"name":"Corcova CUVEE BOHEME 2013"}]},{"@type":"WebSite","@id":"https:\/\/vinotecahugo.ro\/en\/#website","url":"https:\/\/vinotecahugo.ro\/en\/","name":"Vinoteca Hugo","description":"vinotec\u0103 cu o colec\u021bie de peste 5000 de sticle de vin","publisher":{"@id":"https:\/\/vinotecahugo.ro\/en\/#organization"},"potentialAction":[{"@type":"SearchAction","target":{"@type":"EntryPoint","urlTemplate":"https:\/\/vinotecahugo.ro\/en\/?s={search_term_string}"},"query-input":{"@type":"PropertyValueSpecification","valueRequired":true,"valueName":"search_term_string"}}],"inLanguage":"en-US"},{"@type":"Organization","@id":"https:\/\/vinotecahugo.ro\/en\/#organization","name":"Vinoteca Hugo","url":"https:\/\/vinotecahugo.ro\/en\/","logo":{"@type":"ImageObject","inLanguage":"en-US","@id":"https:\/\/vinotecahugo.ro\/en\/#\/schema\/logo\/image\/","url":"https:\/\/vinotecahugo.ro\/wp-content\/uploads\/2020\/04\/logo-vinoteca-hugo-160-120..jpg","contentUrl":"https:\/\/vinotecahugo.ro\/wp-content\/uploads\/2020\/04\/logo-vinoteca-hugo-160-120..jpg","width":160,"height":120,"caption":"Vinoteca Hugo"},"image":{"@id":"https:\/\/vinotecahugo.ro\/en\/#\/schema\/logo\/image\/"},"sameAs":["https:\/\/www.facebook.com\/VinotecaHugoAlbaIulia","https:\/\/www.instagram.com\/vinoteca_hugo\/","https:\/\/www.youtube.com\/channel\/UCpprt6bjcY4i-6P9WM-466g"]}]}},"_links":{"self":[{"href":"https:\/\/vinotecahugo.ro\/en\/wp-json\/wp\/v2\/product\/12976","targetHints":{"allow":["GET"]}}],"collection":[{"href":"https:\/\/vinotecahugo.ro\/en\/wp-json\/wp\/v2\/product"}],"about":[{"href":"https:\/\/vinotecahugo.ro\/en\/wp-json\/wp\/v2\/types\/product"}],"replies":[{"embeddable":true,"href":"https:\/\/vinotecahugo.ro\/en\/wp-json\/wp\/v2\/comments?post=12976"}],"wp:featuredmedia":[{"embeddable":true,"href":"https:\/\/vinotecahugo.ro\/en\/wp-json\/wp\/v2\/media\/14965"}],"wp:attachment":[{"href":"https:\/\/vinotecahugo.ro\/en\/wp-json\/wp\/v2\/media?parent=12976"}],"wp:term":[{"taxonomy":"product_brand","embeddable":true,"href":"https:\/\/vinotecahugo.ro\/en\/wp-json\/wp\/v2\/product_brand?post=12976"},{"taxonomy":"product_cat","embeddable":true,"href":"https:\/\/vinotecahugo.ro\/en\/wp-json\/wp\/v2\/product_cat?post=12976"},{"taxonomy":"product_tag","embeddable":true,"href":"https:\/\/vinotecahugo.ro\/en\/wp-json\/wp\/v2\/product_tag?post=12976"}],"curies":[{"name":"wp","href":"https:\/\/api.w.org\/{rel}","templated":true}]}}