{"id":12974,"date":"2019-10-18T11:37:29","date_gmt":"2019-10-18T08:37:29","guid":{"rendered":"https:\/\/vinotecahugo.ro\/produs\/reserve-pinot-noir\/"},"modified":"2024-11-08T15:02:53","modified_gmt":"2024-11-08T13:02:53","slug":"reserve-pinot-noir","status":"publish","type":"product","link":"https:\/\/vinotecahugo.ro\/en\/produs\/reserve-pinot-noir\/","title":{"rendered":"Corcova RESERVE PINOT NOIR 2012"},"content":{"rendered":"<div class=\"video-shortcode\"><iframe title=\"Film de prezentare Corcova\" width=\"1100\" height=\"619\" src=\"https:\/\/www.youtube.com\/embed\/AmZMzgrC4zQ?feature=oembed\" frameborder=\"0\" allow=\"accelerometer; autoplay; encrypted-media; gyroscope; picture-in-picture\" allowfullscreen><\/iframe><\/div>\n<p><strong>Corcova RESERVE PINOT NOIR 2012<\/strong><\/p>\n<p>Cramele Corcova aduc \u00een aten\u021bia iubitorilor de vin ro\u0219u Corcova Reserve Pinot Noir, expresie n\u0103scut\u0103 din struguri cule\u0219i din podgorii \u00eentinse pe dealurile Mehedin\u021bilor. Aici, soiul de struguri Pinot Noir, din care este integral realizat vinul, beneficiaz\u0103 de soluri brune luvice \u0219i expozi\u021bie sudic\u0103 la soare, complet\u00e2nd astfel condi\u021biile propice pentru licori de excep\u021bie. Dup\u0103 culegerea strugurilor, Corcova Reserve Pinot Noir trece printr-un proces de fermenta\u021bie la temperatur\u0103 controlat\u0103, ca apoi licoarea s\u0103 fie maturat\u0103 timp de 12 luni \u00een butoaie de stejar autohton \u0219i stejar fran\u021buzesc. Rezultatul este un vin cu o culoare rubinie cu note de foita de ceapa, care se deschide cu un buchet de fructe \u0219i condimente. Aroma completeaz\u0103 caracterul licorii prin tonurile complexe de tanin, l\u00e2ng\u0103 care descoperim accente lemnoase \u0219i u\u0219or vanilate. Este recomandat ca Corcova Reserve Pinot Noir s\u0103 fie l\u0103sat la aerat timp de 30 de minute \u00eenainte de a fi consumat, pentru a-\u0219i elibera complexitatea de tu\u0219e \u0219i arome. Se poate asocia cu bucate tradi\u021bionale, carne ro\u0219ie \u00een vin sau la cuptor cu mirodenii \u0219i vegetale, drob de miel cu ceap\u0103 verde, sarmale \u0219i chiar \u0219i cu mezeluri fine \u0219i br\u00e2nzeturi afumate.<\/p>\n<p>&nbsp;<\/p>\n","protected":false},"excerpt":{"rendered":"<p><strong>Corcova RESERVE PINOT NOIR 2012<\/strong><\/p>\n<p>Corcova Reserve Pinot Noir 2012 ne aduce in pahar o culoare\u00a0 rubinie cu note de foita de ceapa. Buchet impresionant cu note fructate delicioase, la care se al\u0103tur\u0103 condimente energizante. Gustul completeaz\u0103 buchetul olfactiv cu tonuri intense de tanin, al\u0103turi de care reg\u0103sim tu\u0219e de lemn cu accente de vanilie. Se poate asocia cu bucate tradi\u021bionale, carne ro\u0219ie \u00een vin sau la cuptor cu mirodenii \u0219i vegetale, drob de miel cu ceap\u0103 verde, sarmale \u0219i chiar \u0219i cu mezeluri fine \u0219i br\u00e2nzeturi afumate. Este recomandat ca Corcova Reserve Pinot Noir s\u0103 fie l\u0103sat la aerat timp de 30 de minute \u00eenainte de a fi consumat, pentru a-\u0219i elibera complexitatea de tu\u0219e \u0219i arome.<\/p>\n","protected":false},"featured_media":14998,"comment_status":"open","ping_status":"closed","template":"","meta":[],"product_brand":[],"product_cat":[887,888,145],"product_tag":[332,502,368],"class_list":{"0":"post-12974","1":"product","2":"type-product","3":"status-publish","4":"has-post-thumbnail","6":"product_cat-vin-rosu","7":"product_cat-vin-rosu-sec","8":"product_cat-vinuri-romanesti","9":"product_tag-corcova","10":"product_tag-corcova-pinot-noir-reserve","11":"product_tag-pinot-noir","13":"first","14":"instock","15":"taxable","16":"shipping-taxable","17":"purchasable","18":"product-type-simple"},"yoast_head":"<!-- This site is optimized with the Yoast SEO plugin v24.6 - https:\/\/yoast.com\/wordpress\/plugins\/seo\/ -->\n<title>Corcova RESERVE PINOT NOIR 2012 - Vinoteca Hugo<\/title>\n<meta name=\"description\" content=\"Comand\u0103 online Corcova RESERVE PINOT NOIR 2012 de la Vinoteca Hugo! Vinuri de top pentru momente speciale.\" \/>\n<meta name=\"robots\" content=\"index, follow, max-snippet:-1, max-image-preview:large, max-video-preview:-1\" \/>\n<link rel=\"canonical\" href=\"https:\/\/vinotecahugo.ro\/en\/produs\/reserve-pinot-noir\/\" \/>\n<meta property=\"og:locale\" content=\"en_US\" \/>\n<meta property=\"og:type\" content=\"article\" \/>\n<meta property=\"og:title\" content=\"Corcova RESERVE PINOT NOIR 2012 - Vinoteca Hugo\" \/>\n<meta property=\"og:description\" content=\"Comand\u0103 online Corcova RESERVE PINOT NOIR 2012 de la Vinoteca Hugo! Vinuri de top pentru momente speciale.\" \/>\n<meta property=\"og:url\" content=\"https:\/\/vinotecahugo.ro\/en\/produs\/reserve-pinot-noir\/\" \/>\n<meta property=\"og:site_name\" content=\"Vinoteca Hugo\" \/>\n<meta property=\"article:publisher\" content=\"https:\/\/www.facebook.com\/VinotecaHugoAlbaIulia\" \/>\n<meta property=\"article:modified_time\" content=\"2024-11-08T13:02:53+00:00\" \/>\n<meta property=\"og:image\" content=\"https:\/\/vinotecahugo.ro\/wp-content\/uploads\/2019\/10\/Corcova-Pinot-Noir-Reserve.jpeg\" \/>\n\t<meta property=\"og:image:width\" content=\"600\" \/>\n\t<meta property=\"og:image:height\" content=\"600\" \/>\n\t<meta property=\"og:image:type\" content=\"image\/jpeg\" \/>\n<meta name=\"twitter:card\" content=\"summary_large_image\" \/>\n<meta name=\"twitter:label1\" content=\"Est. reading time\" \/>\n\t<meta name=\"twitter:data1\" content=\"1 minute\" \/>\n<script type=\"application\/ld+json\" class=\"yoast-schema-graph\">{\"@context\":\"https:\/\/schema.org\",\"@graph\":[{\"@type\":\"WebPage\",\"@id\":\"https:\/\/vinotecahugo.ro\/en\/produs\/reserve-pinot-noir\/\",\"url\":\"https:\/\/vinotecahugo.ro\/en\/produs\/reserve-pinot-noir\/\",\"name\":\"Corcova RESERVE PINOT NOIR 2012 - Vinoteca Hugo\",\"isPartOf\":{\"@id\":\"https:\/\/vinotecahugo.ro\/en\/#website\"},\"primaryImageOfPage\":{\"@id\":\"https:\/\/vinotecahugo.ro\/en\/produs\/reserve-pinot-noir\/#primaryimage\"},\"image\":{\"@id\":\"https:\/\/vinotecahugo.ro\/en\/produs\/reserve-pinot-noir\/#primaryimage\"},\"thumbnailUrl\":\"https:\/\/vinotecahugo.ro\/wp-content\/uploads\/2019\/10\/Corcova-Pinot-Noir-Reserve.jpeg\",\"datePublished\":\"2019-10-18T08:37:29+00:00\",\"dateModified\":\"2024-11-08T13:02:53+00:00\",\"description\":\"Comand\u0103 online Corcova RESERVE PINOT NOIR 2012 de la Vinoteca Hugo! Vinuri de top pentru momente speciale.\",\"breadcrumb\":{\"@id\":\"https:\/\/vinotecahugo.ro\/en\/produs\/reserve-pinot-noir\/#breadcrumb\"},\"inLanguage\":\"en-US\",\"potentialAction\":[{\"@type\":\"ReadAction\",\"target\":[\"https:\/\/vinotecahugo.ro\/en\/produs\/reserve-pinot-noir\/\"]}]},{\"@type\":\"ImageObject\",\"inLanguage\":\"en-US\",\"@id\":\"https:\/\/vinotecahugo.ro\/en\/produs\/reserve-pinot-noir\/#primaryimage\",\"url\":\"https:\/\/vinotecahugo.ro\/wp-content\/uploads\/2019\/10\/Corcova-Pinot-Noir-Reserve.jpeg\",\"contentUrl\":\"https:\/\/vinotecahugo.ro\/wp-content\/uploads\/2019\/10\/Corcova-Pinot-Noir-Reserve.jpeg\",\"width\":600,\"height\":600},{\"@type\":\"BreadcrumbList\",\"@id\":\"https:\/\/vinotecahugo.ro\/en\/produs\/reserve-pinot-noir\/#breadcrumb\",\"itemListElement\":[{\"@type\":\"ListItem\",\"position\":1,\"name\":\"Prima pagin\u0103\",\"item\":\"https:\/\/vinotecahugo.ro\/en\/\"},{\"@type\":\"ListItem\",\"position\":2,\"name\":\"Magazin\",\"item\":\"https:\/\/vinotecahugo.ro\/magazin\/\"},{\"@type\":\"ListItem\",\"position\":3,\"name\":\"Corcova RESERVE PINOT NOIR 2012\"}]},{\"@type\":\"WebSite\",\"@id\":\"https:\/\/vinotecahugo.ro\/en\/#website\",\"url\":\"https:\/\/vinotecahugo.ro\/en\/\",\"name\":\"Vinoteca Hugo\",\"description\":\"vinotec\u0103 cu o colec\u021bie de peste 5000 de sticle de vin\",\"publisher\":{\"@id\":\"https:\/\/vinotecahugo.ro\/en\/#organization\"},\"potentialAction\":[{\"@type\":\"SearchAction\",\"target\":{\"@type\":\"EntryPoint\",\"urlTemplate\":\"https:\/\/vinotecahugo.ro\/en\/?s={search_term_string}\"},\"query-input\":{\"@type\":\"PropertyValueSpecification\",\"valueRequired\":true,\"valueName\":\"search_term_string\"}}],\"inLanguage\":\"en-US\"},{\"@type\":\"Organization\",\"@id\":\"https:\/\/vinotecahugo.ro\/en\/#organization\",\"name\":\"Vinoteca Hugo\",\"url\":\"https:\/\/vinotecahugo.ro\/en\/\",\"logo\":{\"@type\":\"ImageObject\",\"inLanguage\":\"en-US\",\"@id\":\"https:\/\/vinotecahugo.ro\/en\/#\/schema\/logo\/image\/\",\"url\":\"https:\/\/vinotecahugo.ro\/wp-content\/uploads\/2020\/04\/logo-vinoteca-hugo-160-120..jpg\",\"contentUrl\":\"https:\/\/vinotecahugo.ro\/wp-content\/uploads\/2020\/04\/logo-vinoteca-hugo-160-120..jpg\",\"width\":160,\"height\":120,\"caption\":\"Vinoteca Hugo\"},\"image\":{\"@id\":\"https:\/\/vinotecahugo.ro\/en\/#\/schema\/logo\/image\/\"},\"sameAs\":[\"https:\/\/www.facebook.com\/VinotecaHugoAlbaIulia\",\"https:\/\/www.instagram.com\/vinoteca_hugo\/\",\"https:\/\/www.youtube.com\/channel\/UCpprt6bjcY4i-6P9WM-466g\"]}]}<\/script>\n<!-- \/ Yoast SEO plugin. -->","yoast_head_json":{"title":"Corcova RESERVE PINOT NOIR 2012 - Vinoteca Hugo","description":"Comand\u0103 online Corcova RESERVE PINOT NOIR 2012 de la Vinoteca Hugo! Vinuri de top pentru momente speciale.","robots":{"index":"index","follow":"follow","max-snippet":"max-snippet:-1","max-image-preview":"max-image-preview:large","max-video-preview":"max-video-preview:-1"},"canonical":"https:\/\/vinotecahugo.ro\/en\/produs\/reserve-pinot-noir\/","og_locale":"en_US","og_type":"article","og_title":"Corcova RESERVE PINOT NOIR 2012 - Vinoteca Hugo","og_description":"Comand\u0103 online Corcova RESERVE PINOT NOIR 2012 de la Vinoteca Hugo! Vinuri de top pentru momente speciale.","og_url":"https:\/\/vinotecahugo.ro\/en\/produs\/reserve-pinot-noir\/","og_site_name":"Vinoteca Hugo","article_publisher":"https:\/\/www.facebook.com\/VinotecaHugoAlbaIulia","article_modified_time":"2024-11-08T13:02:53+00:00","og_image":[{"width":600,"height":600,"url":"https:\/\/vinotecahugo.ro\/wp-content\/uploads\/2019\/10\/Corcova-Pinot-Noir-Reserve.jpeg","type":"image\/jpeg"}],"twitter_card":"summary_large_image","twitter_misc":{"Est. reading time":"1 minute"},"schema":{"@context":"https:\/\/schema.org","@graph":[{"@type":"WebPage","@id":"https:\/\/vinotecahugo.ro\/en\/produs\/reserve-pinot-noir\/","url":"https:\/\/vinotecahugo.ro\/en\/produs\/reserve-pinot-noir\/","name":"Corcova RESERVE PINOT NOIR 2012 - Vinoteca Hugo","isPartOf":{"@id":"https:\/\/vinotecahugo.ro\/en\/#website"},"primaryImageOfPage":{"@id":"https:\/\/vinotecahugo.ro\/en\/produs\/reserve-pinot-noir\/#primaryimage"},"image":{"@id":"https:\/\/vinotecahugo.ro\/en\/produs\/reserve-pinot-noir\/#primaryimage"},"thumbnailUrl":"https:\/\/vinotecahugo.ro\/wp-content\/uploads\/2019\/10\/Corcova-Pinot-Noir-Reserve.jpeg","datePublished":"2019-10-18T08:37:29+00:00","dateModified":"2024-11-08T13:02:53+00:00","description":"Comand\u0103 online Corcova RESERVE PINOT NOIR 2012 de la Vinoteca Hugo! Vinuri de top pentru momente speciale.","breadcrumb":{"@id":"https:\/\/vinotecahugo.ro\/en\/produs\/reserve-pinot-noir\/#breadcrumb"},"inLanguage":"en-US","potentialAction":[{"@type":"ReadAction","target":["https:\/\/vinotecahugo.ro\/en\/produs\/reserve-pinot-noir\/"]}]},{"@type":"ImageObject","inLanguage":"en-US","@id":"https:\/\/vinotecahugo.ro\/en\/produs\/reserve-pinot-noir\/#primaryimage","url":"https:\/\/vinotecahugo.ro\/wp-content\/uploads\/2019\/10\/Corcova-Pinot-Noir-Reserve.jpeg","contentUrl":"https:\/\/vinotecahugo.ro\/wp-content\/uploads\/2019\/10\/Corcova-Pinot-Noir-Reserve.jpeg","width":600,"height":600},{"@type":"BreadcrumbList","@id":"https:\/\/vinotecahugo.ro\/en\/produs\/reserve-pinot-noir\/#breadcrumb","itemListElement":[{"@type":"ListItem","position":1,"name":"Prima pagin\u0103","item":"https:\/\/vinotecahugo.ro\/en\/"},{"@type":"ListItem","position":2,"name":"Magazin","item":"https:\/\/vinotecahugo.ro\/magazin\/"},{"@type":"ListItem","position":3,"name":"Corcova RESERVE PINOT NOIR 2012"}]},{"@type":"WebSite","@id":"https:\/\/vinotecahugo.ro\/en\/#website","url":"https:\/\/vinotecahugo.ro\/en\/","name":"Vinoteca Hugo","description":"vinotec\u0103 cu o colec\u021bie de peste 5000 de sticle de vin","publisher":{"@id":"https:\/\/vinotecahugo.ro\/en\/#organization"},"potentialAction":[{"@type":"SearchAction","target":{"@type":"EntryPoint","urlTemplate":"https:\/\/vinotecahugo.ro\/en\/?s={search_term_string}"},"query-input":{"@type":"PropertyValueSpecification","valueRequired":true,"valueName":"search_term_string"}}],"inLanguage":"en-US"},{"@type":"Organization","@id":"https:\/\/vinotecahugo.ro\/en\/#organization","name":"Vinoteca Hugo","url":"https:\/\/vinotecahugo.ro\/en\/","logo":{"@type":"ImageObject","inLanguage":"en-US","@id":"https:\/\/vinotecahugo.ro\/en\/#\/schema\/logo\/image\/","url":"https:\/\/vinotecahugo.ro\/wp-content\/uploads\/2020\/04\/logo-vinoteca-hugo-160-120..jpg","contentUrl":"https:\/\/vinotecahugo.ro\/wp-content\/uploads\/2020\/04\/logo-vinoteca-hugo-160-120..jpg","width":160,"height":120,"caption":"Vinoteca Hugo"},"image":{"@id":"https:\/\/vinotecahugo.ro\/en\/#\/schema\/logo\/image\/"},"sameAs":["https:\/\/www.facebook.com\/VinotecaHugoAlbaIulia","https:\/\/www.instagram.com\/vinoteca_hugo\/","https:\/\/www.youtube.com\/channel\/UCpprt6bjcY4i-6P9WM-466g"]}]}},"_links":{"self":[{"href":"https:\/\/vinotecahugo.ro\/en\/wp-json\/wp\/v2\/product\/12974","targetHints":{"allow":["GET"]}}],"collection":[{"href":"https:\/\/vinotecahugo.ro\/en\/wp-json\/wp\/v2\/product"}],"about":[{"href":"https:\/\/vinotecahugo.ro\/en\/wp-json\/wp\/v2\/types\/product"}],"replies":[{"embeddable":true,"href":"https:\/\/vinotecahugo.ro\/en\/wp-json\/wp\/v2\/comments?post=12974"}],"wp:featuredmedia":[{"embeddable":true,"href":"https:\/\/vinotecahugo.ro\/en\/wp-json\/wp\/v2\/media\/14998"}],"wp:attachment":[{"href":"https:\/\/vinotecahugo.ro\/en\/wp-json\/wp\/v2\/media?parent=12974"}],"wp:term":[{"taxonomy":"product_brand","embeddable":true,"href":"https:\/\/vinotecahugo.ro\/en\/wp-json\/wp\/v2\/product_brand?post=12974"},{"taxonomy":"product_cat","embeddable":true,"href":"https:\/\/vinotecahugo.ro\/en\/wp-json\/wp\/v2\/product_cat?post=12974"},{"taxonomy":"product_tag","embeddable":true,"href":"https:\/\/vinotecahugo.ro\/en\/wp-json\/wp\/v2\/product_tag?post=12974"}],"curies":[{"name":"wp","href":"https:\/\/api.w.org\/{rel}","templated":true}]}}